{"id":54,"date":"2025-09-07T01:04:05","date_gmt":"2025-09-07T01:04:05","guid":{"rendered":"https:\/\/ticketsonline.mx\/?page_id=54"},"modified":"2025-11-26T23:48:32","modified_gmt":"2025-11-26T23:48:32","slug":"carrera-dragon-ball-corriendo-por-las-7-esferas","status":"publish","type":"page","link":"https:\/\/ticketsonline.mx\/?page_id=54","title":{"rendered":"Carrera Dragon Ball: Corriendo por las 7 esferas"},"content":{"rendered":"\n<figure class=\"wp-block-image alignfull size-full\"><img loading=\"lazy\" decoding=\"async\" width=\"2455\" height=\"709\" src=\"https:\/\/ticketsonline.mx\/wp-content\/uploads\/2025\/09\/Pagina-HARD.jpg\" alt=\"\" class=\"wp-image-68\" srcset=\"https:\/\/ticketsonline.mx\/wp-content\/uploads\/2025\/09\/Pagina-HARD.jpg 2455w, https:\/\/ticketsonline.mx\/wp-content\/uploads\/2025\/09\/Pagina-HARD-300x87.jpg 300w, https:\/\/ticketsonline.mx\/wp-content\/uploads\/2025\/09\/Pagina-HARD-1024x296.jpg 1024w, https:\/\/ticketsonline.mx\/wp-content\/uploads\/2025\/09\/Pagina-HARD-768x222.jpg 768w, https:\/\/ticketsonline.mx\/wp-content\/uploads\/2025\/09\/Pagina-HARD-1536x444.jpg 1536w, https:\/\/ticketsonline.mx\/wp-content\/uploads\/2025\/09\/Pagina-HARD-2048x591.jpg 2048w\" sizes=\"auto, (max-width: 2455px) 100vw, 2455px\" \/><\/figure>\n\n\n\n<div class=\"wp-block-columns is-layout-flex wp-container-core-columns-is-layout-28f84493 wp-block-columns-is-layout-flex\">\n<div class=\"wp-block-column is-layout-flow wp-block-column-is-layout-flow\">\n<figure class=\"wp-block-embed aligncenter is-type-video is-provider-youtube wp-block-embed-youtube wp-embed-aspect-9-16 wp-has-aspect-ratio\"><div class=\"wp-block-embed__wrapper\">\n<iframe loading=\"lazy\" title=\"Dragon Ball\" width=\"422\" height=\"750\" src=\"https:\/\/www.youtube.com\/embed\/_qi4-LgbvCo?feature=oembed\" frameborder=\"0\" allow=\"accelerometer; autoplay; clipboard-write; encrypted-media; gyroscope; picture-in-picture; web-share\" referrerpolicy=\"strict-origin-when-cross-origin\" allowfullscreen><\/iframe>\n<\/div><\/figure>\n<\/div>\n\n\n\n<div class=\"wp-block-column is-layout-flow wp-block-column-is-layout-flow\">\n<p class=\"has-text-align-center has-medium-font-size\">M\u00e1s que una carrera\u2026 \u00a1una celebraci\u00f3n fandom! Corriendo por las 7 Esferas ser\u00e1 una verdadera \ufb01esta tem\u00e1tica, donde marcas, tiendas, artistas y emprendedores del ecosistema anime, c\u00f3mic y superh\u00e9roes ofrecer\u00e1n productos, exhibiciones y experiencias \u00fanicas.<\/p>\n\n\n\n<p class=\"has-text-align-center has-medium-font-size\"> M\u00e1s que una carrera\u2026 \u00a1una celebraci\u00f3n fandom! Corriendo por las 7 Esferas ser\u00e1 una verdadera \ufb01esta tem\u00e1tica, donde marcas, tiendas, artistas y emprendedores del ecosistema anime, c\u00f3mic y superh\u00e9roes ofrecer\u00e1n productos, exhibiciones y experiencias \u00fanicas.<\/p>\n<\/div>\n<\/div>\n\n\n\n<div style=\"height:53px\" aria-hidden=\"true\" class=\"wp-block-spacer\"><\/div>\n","protected":false},"excerpt":{"rendered":"<p>M\u00e1s que una carrera\u2026 \u00a1una celebraci\u00f3n fandom! Corriendo por las 7 Esferas ser\u00e1 una verdadera \ufb01esta tem\u00e1tica, donde marcas, tiendas, artistas y emprendedores del ecosistema anime, c\u00f3mic y superh\u00e9roes ofrecer\u00e1n productos, exhibiciones y experiencias \u00fanicas. M\u00e1s que una carrera\u2026 \u00a1una celebraci\u00f3n fandom! Corriendo por las 7 Esferas ser\u00e1 una verdadera \ufb01esta tem\u00e1tica, donde marcas, tiendas, [&hellip;]<\/p>\n","protected":false},"author":1,"featured_media":0,"parent":0,"menu_order":0,"comment_status":"closed","ping_status":"closed","template":"","meta":{"_themeisle_gutenberg_block_has_review":false,"footnotes":""},"class_list":["post-54","page","type-page","status-publish","hentry"],"_links":{"self":[{"href":"https:\/\/ticketsonline.mx\/index.php?rest_route=\/wp\/v2\/pages\/54","targetHints":{"allow":["GET"]}}],"collection":[{"href":"https:\/\/ticketsonline.mx\/index.php?rest_route=\/wp\/v2\/pages"}],"about":[{"href":"https:\/\/ticketsonline.mx\/index.php?rest_route=\/wp\/v2\/types\/page"}],"author":[{"embeddable":true,"href":"https:\/\/ticketsonline.mx\/index.php?rest_route=\/wp\/v2\/users\/1"}],"replies":[{"embeddable":true,"href":"https:\/\/ticketsonline.mx\/index.php?rest_route=%2Fwp%2Fv2%2Fcomments&post=54"}],"version-history":[{"count":12,"href":"https:\/\/ticketsonline.mx\/index.php?rest_route=\/wp\/v2\/pages\/54\/revisions"}],"predecessor-version":[{"id":233,"href":"https:\/\/ticketsonline.mx\/index.php?rest_route=\/wp\/v2\/pages\/54\/revisions\/233"}],"wp:attachment":[{"href":"https:\/\/ticketsonline.mx\/index.php?rest_route=%2Fwp%2Fv2%2Fmedia&parent=54"}],"curies":[{"name":"wp","href":"https:\/\/api.w.org\/{rel}","templated":true}]}}